{"id":266,"date":"2022-12-20T15:41:47","date_gmt":"2022-12-20T15:41:47","guid":{"rendered":"https:\/\/benevalle.gov.co\/?page_id=266"},"modified":"2022-12-30T15:36:09","modified_gmt":"2022-12-30T15:36:09","slug":"funciones-y-deberes","status":"publish","type":"page","link":"https:\/\/test.benevalle.gov.co\/index.php\/funciones-y-deberes\/","title":{"rendered":"Funciones y Deberes"},"content":{"rendered":"<p>[et_pb_section fb_built=&#8221;1&#8243; _builder_version=&#8221;4.19.4&#8243; _module_preset=&#8221;default&#8221; background_color=&#8221;RGBA(255,255,255,0)&#8221; global_colors_info=&#8221;{}&#8221;][et_pb_row _builder_version=&#8221;4.19.4&#8243; _module_preset=&#8221;default&#8221; global_colors_info=&#8221;{}&#8221;][et_pb_column type=&#8221;4_4&#8243; _builder_version=&#8221;4.19.4&#8243; _module_preset=&#8221;default&#8221; global_colors_info=&#8221;{}&#8221;][et_pb_text _builder_version=&#8221;4.19.4&#8243; _module_preset=&#8221;default&#8221; hover_enabled=&#8221;0&#8243; global_colors_info=&#8221;{}&#8221; sticky_enabled=&#8221;0&#8243;]<\/p>\n<p style=\"text-align: justify;\"><img decoding=\"async\" src=\"https:\/\/test.benevalle.gov.co\/wp-content\/uploads\/2022\/10\/Logo-Beneficencia-del-Valle.png\" alt=\"\" class=\"wp-image-22 alignnone size-full\" width=\"206\" height=\"161\" \/><\/p>\n<p style=\"text-align: justify;\">\n<p style=\"text-align: justify;\"><span style=\"color: #ba232a;\"><strong>FUNCIONES Y DEBERES<\/strong><\/span><\/p>\n<p style=\"text-align: justify;\">Organizar, dirigir, administrar, explotar, desarrollar, comercializar, representar, distribuir loter\u00edas en sorteos ordinarios y extraordinarios, directamente o a trav\u00e9s de terceros o bajo subcontrataci\u00f3n o mediante consorcio o uniones temporales de empresas o entidades p\u00fablicas, de acuerdo a las circunstancias objeto de contrataci\u00f3n y que est\u00e9n conformes con las leyes vigentes que regulan la materia y que tengan relaci\u00f3n con el objeto social de la entidad.<\/p>\n<ul>\n<li style=\"text-align: justify;\">Obtener concesiones y\/o privilegios de cualquier naturaleza, patentes de inversi\u00f3n, marcas comerciales o industriales que tengan relaci\u00f3n con su objeto social y que sean susceptibles de explotaci\u00f3n econ\u00f3mica por la Entidad.<\/li>\n<li style=\"text-align: justify;\">Celebrar contratos de agencia, distribuci\u00f3n, suministro y representaci\u00f3n con compa\u00f1\u00edas nacionales o extranjeras de toda clase de juegos de suerte y azar que sean permitidos por las leyes colombianas.<\/li>\n<li style=\"text-align: justify;\">Organizar, dirigir, administrar, explotar, desarrollar y comercializar juegos de apuestas permanentes.<\/li>\n<li style=\"text-align: justify;\">Explotar, administrar, desarrollar y comercializar, directamente o en asocio o por contrato, todos los juegos de suerte y azar derivados de monopolios estatales o por fuera de ellos.<\/li>\n<li style=\"text-align: justify;\">Recaudar el impuesto de loter\u00edas for\u00e1neas y los dem\u00e1s que se le hayan encomendado o que se le encomienden de conformidad con la ley.<\/li>\n<li style=\"text-align: justify;\">Tomar dinero en mutuo con o sin garant\u00eda de los bienes de la EMPRESA, girar, endosar, aceptar, adquirir, protestar, cancelar, pagar, recibir cheques, letras de cambio, pagar\u00e9s o cualquier clase de t\u00edtulos valores y celebrar contratos en general.<\/li>\n<li style=\"text-align: justify;\">Administrar directamente o a trav\u00e9s de terceros, bienes inmuebles, adquirir, enajenar, gravar a cualquier t\u00edtulo, arrendar, hipotecar, permutar, pignorar y en general ejecutar toda clase de transacciones con bienes muebles e inmuebles, cuando lo requiera el cumplimiento de su objeto social.<\/li>\n<li style=\"text-align: justify;\">Celebrar todos los contratos, acuerdos, convenios y dem\u00e1s actos necesarios para el desarrollo de su objeto social.<\/li>\n<li style=\"text-align: justify;\">Participar en entidades nacionales o internacionales p\u00fablicas o privadas y con organismos internacionales o nacionales, en la instalaci\u00f3n, ampliaci\u00f3n y mejoramiento de los sistemas de juegos explotados o explotables y formalizar los acuerdos y convenios comerciales o de asistencia, para su instalaci\u00f3n y explotaci\u00f3n en el Departamento del Valle del Cauca.<\/li>\n<li style=\"text-align: justify;\">Hacer aportes econ\u00f3micos en sociedades que tengan objeto similar, an\u00e1logo o complementario al suyo y mantener en las mismas su calidad de socia, adquirir acciones, cuotas o partes de inter\u00e9s y enajenarlas a cualquier t\u00edtulo.<\/li>\n<li style=\"text-align: justify;\">Celebrar y ejecutar en su propio nombre actos y contratos comerciales, civiles, laborales y administrativos y operaciones comerciales o financieras necesarias o convenientes para el logro de los fines perseguidos o que se pueda favorecer o desarrollar sus actividades y que de manera directa se entiendan incluidas en el objeto social o se relacionen con el mismo.<\/li>\n<li style=\"text-align: justify;\">Participar en la evaluaci\u00f3n y formulaci\u00f3n de proyectos, planes y programas del sector de juego de suerte y azar.<\/li>\n<li style=\"text-align: justify;\">Liquidar, cobrar, recaudar y transferir al sector salud los derechos de explotaci\u00f3n producto de su gesti\u00f3n operativa, en los t\u00e9rminos y condiciones previstas en la ley 643 de 2021.<\/li>\n<li style=\"text-align: justify;\">Atender el bienestar y coadyuvar a la formaci\u00f3n del personal a su servicio, as\u00ed como promover la ense\u00f1anza en las especialidades de juegos explotados, sus aspectos t\u00e9cnicos, operativos, jur\u00eddicos y administrativos.<\/li>\n<\/ul>\n<p>[\/et_pb_text][\/et_pb_column][\/et_pb_row][\/et_pb_section]<\/p>\n","protected":false},"excerpt":{"rendered":"<p>FUNCIONES Y DEBERES Organizar, dirigir, administrar, explotar, desarrollar, comercializar, representar, distribuir loter\u00edas en sorteos ordinarios y extraordinarios, directamente o a trav\u00e9s de terceros o bajo subcontrataci\u00f3n o mediante consorcio o uniones temporales de empresas o entidades p\u00fablicas, de acuerdo a las circunstancias objeto de contrataci\u00f3n y que est\u00e9n conformes con las leyes vigentes que regulan [&hellip;]<\/p>\n","protected":false},"author":1,"featured_media":0,"parent":0,"menu_order":0,"comment_status":"closed","ping_status":"closed","template":"","meta":{"_et_pb_use_builder":"on","_et_pb_old_content":"","_et_gb_content_width":"","_themeisle_gutenberg_block_has_review":false,"_mc_calendar":[],"_joinchat":[],"footnotes":""},"class_list":["post-266","page","type-page","status-publish","hentry"],"_links":{"self":[{"href":"https:\/\/test.benevalle.gov.co\/index.php\/wp-json\/wp\/v2\/pages\/266","targetHints":{"allow":["GET"]}}],"collection":[{"href":"https:\/\/test.benevalle.gov.co\/index.php\/wp-json\/wp\/v2\/pages"}],"about":[{"href":"https:\/\/test.benevalle.gov.co\/index.php\/wp-json\/wp\/v2\/types\/page"}],"author":[{"embeddable":true,"href":"https:\/\/test.benevalle.gov.co\/index.php\/wp-json\/wp\/v2\/users\/1"}],"replies":[{"embeddable":true,"href":"https:\/\/test.benevalle.gov.co\/index.php\/wp-json\/wp\/v2\/comments?post=266"}],"version-history":[{"count":5,"href":"https:\/\/test.benevalle.gov.co\/index.php\/wp-json\/wp\/v2\/pages\/266\/revisions"}],"predecessor-version":[{"id":822,"href":"https:\/\/test.benevalle.gov.co\/index.php\/wp-json\/wp\/v2\/pages\/266\/revisions\/822"}],"wp:attachment":[{"href":"https:\/\/test.benevalle.gov.co\/index.php\/wp-json\/wp\/v2\/media?parent=266"}],"curies":[{"name":"wp","href":"https:\/\/api.w.org\/{rel}","templated":true}]}}